{"id":34,"date":"2023-11-17T10:03:46","date_gmt":"2023-11-17T06:03:46","guid":{"rendered":"http:\/\/relaisduvolcan.fr\/?page_id=34"},"modified":"2024-04-13T08:22:20","modified_gmt":"2024-04-13T04:22:20","slug":"tarifs-et-reservation","status":"publish","type":"page","link":"https:\/\/relaisduvolcan.fr\/?page_id=34","title":{"rendered":"Tarifs et R\u00e9servation"},"content":{"rendered":"\t\t<div data-elementor-type=\"wp-page\" data-elementor-id=\"34\" class=\"elementor elementor-34\">\n\t\t\t\t<div class=\"elementor-element elementor-element-28f493e e-flex e-con-boxed e-con e-parent\" data-id=\"28f493e\" data-element_type=\"container\" data-e-type=\"container\">\n\t\t\t\t\t<div class=\"e-con-inner\">\n\t\t\t\t<div class=\"elementor-element elementor-element-3423f49 elementor-widget elementor-widget-text-editor\" data-id=\"3423f49\" data-element_type=\"widget\" data-e-type=\"widget\" data-widget_type=\"text-editor.default\">\n\t\t\t\t<div class=\"elementor-widget-container\">\n\t\t\t\t\t\t\t\t\t<div id=\"comp-ie8cfeaj\" class=\"KcpHeO tz5f0K comp-ie8cfeaj wixui-rich-text\" data-testid=\"richTextElement\">\n<h4 class=\"font_4 wixui-rich-text__text\"><span class=\"wixui-rich-text__text\">Prix de nos Chambres d&rsquo;H\u00f4tes \/ &nbsp;<\/span><span class=\"wixui-rich-text__text\">Petit-d\u00e9jeuner inclus<\/span><\/h4>\n<p class=\"font_4 wixui-rich-text__text\"><strong><span class=\"wixui-rich-text__text\">1 personne 55\u20ac &#8211; <\/span>2 personnes 70\u20ac &#8211; <span class=\"wixui-rich-text__text\">&nbsp;3 personnes 85\u20ac<\/span><\/strong><\/p>\n<\/div>\n<div id=\"comp-ie8qy1sn\" class=\"BaOVQ8 tz5f0K comp-ie8qy1sn wixui-rich-text\" data-testid=\"richTextElement\">\n<p class=\"font_7 wixui-rich-text__text\"><span class=\"wixui-rich-text__text\">Mode de r\u00e8glement&nbsp;: <strong>esp\u00e8ce&nbsp; ou ch\u00e8que (pas de CB)<\/strong><\/span><\/p>\n<p class=\"font_7 wixui-rich-text__text\"><span class=\"wixui-rich-text__text\">Taxe de s\u00e9jour: 0,80 euros par jour et par personne<\/span><\/p>\n<p class=\"font_7 wixui-rich-text__text\"><span class=\"wixui-rich-text__text\">Prenez l&rsquo;une de nos trois agr\u00e9ables chambres chauff\u00e9es, avec&nbsp;salle d&rsquo;eau&nbsp;et toilette individuelle chauff\u00e9es.<\/span><\/p>\n<p class=\"font_7 wixui-rich-text__text\"><span class=\"wixui-rich-text__text\">D\u00e9tendez&nbsp;vous dans la&nbsp;pi\u00e8ce commune&nbsp;\u00e0 vivre avec chemin\u00e9e. Cuisine \u00e9quip\u00e9e&nbsp;\u00e0 disposition.<\/span><\/p>\n<\/div>\t\t\t\t\t\t\t\t<\/div>\n\t\t\t\t<\/div>\n\t\t\t\t\t<\/div>\n\t\t\t\t<\/div>\n\t\t<div class=\"elementor-element elementor-element-71fef9d8 e-con-full e-flex e-con e-parent\" data-id=\"71fef9d8\" data-element_type=\"container\" data-e-type=\"container\" data-settings=\"{&quot;background_background&quot;:&quot;gradient&quot;}\">\n\t\t<div class=\"elementor-element elementor-element-45c4b5d e-con-full e-flex e-con e-child\" data-id=\"45c4b5d\" data-element_type=\"container\" data-e-type=\"container\">\n\t\t\t\t<div class=\"elementor-element elementor-element-5dcaaf86 elementor-widget__width-initial elementor-widget elementor-widget-image\" data-id=\"5dcaaf86\" data-element_type=\"widget\" data-e-type=\"widget\" data-widget_type=\"image.default\">\n\t\t\t\t<div class=\"elementor-widget-container\">\n\t\t\t\t\t\t\t\t\t\t\t\t<figure class=\"wp-caption\">\n\t\t\t\t\t\t\t\t\t\t\t<a href=\"https:\/\/relaisduvolcan.fr\/?page_id=36\">\n\t\t\t\t\t\t\t<img fetchpriority=\"high\" width=\"1024\" height=\"683\"  class=\"attachment-large size-large wp-image-174 lws-optimize-lazyload\" alt=\"\" srcset=\"https:\/\/relaisduvolcan.fr\/wp-content\/uploads\/2023\/11\/Cilaos2-1-1024x683.jpg 1024w, https:\/\/relaisduvolcan.fr\/wp-content\/uploads\/2023\/11\/Cilaos2-1-300x200.jpg 300w, https:\/\/relaisduvolcan.fr\/wp-content\/uploads\/2023\/11\/Cilaos2-1-768x512.jpg 768w, https:\/\/relaisduvolcan.fr\/wp-content\/uploads\/2023\/11\/Cilaos2-1-1536x1024.jpg 1536w, https:\/\/relaisduvolcan.fr\/wp-content\/uploads\/2023\/11\/Cilaos2-1-2048x1365.jpg 2048w\" sizes=\"(max-width: 1024px) 100vw, 1024px\" \/ data-src=\"https:\/\/relaisduvolcan.fr\/wp-content\/uploads\/2023\/11\/Cilaos2-1-1024x683.jpg\">\t\t\t\t\t\t\t\t<\/a>\n\t\t\t\t\t\t\t\t\t\t\t<figcaption class=\"widget-image-caption wp-caption-text\">Chambre Cilaos<\/figcaption>\n\t\t\t\t\t\t\t\t\t\t<\/figure>\n\t\t\t\t\t\t\t\t\t<\/div>\n\t\t\t\t<\/div>\n\t\t\t\t<\/div>\n\t\t<div class=\"elementor-element elementor-element-7e0e0e5b e-con-full e-flex e-con e-child\" data-id=\"7e0e0e5b\" data-element_type=\"container\" data-e-type=\"container\">\n\t\t\t\t<div class=\"elementor-element elementor-element-57f4a9ef elementor-widget elementor-widget-image\" data-id=\"57f4a9ef\" data-element_type=\"widget\" data-e-type=\"widget\" data-widget_type=\"image.default\">\n\t\t\t\t<div class=\"elementor-widget-container\">\n\t\t\t\t\t\t\t\t\t\t\t\t<figure class=\"wp-caption\">\n\t\t\t\t\t\t\t\t\t\t\t<a href=\"https:\/\/relaisduvolcan.fr\/?page_id=36\">\n\t\t\t\t\t\t\t<img width=\"1024\" height=\"683\"  class=\"attachment-large size-large wp-image-43 lws-optimize-lazyload\" alt=\"\" srcset=\"https:\/\/relaisduvolcan.fr\/wp-content\/uploads\/2023\/10\/Mafate-1024x683.jpg 1024w, https:\/\/relaisduvolcan.fr\/wp-content\/uploads\/2023\/10\/Mafate-300x200.jpg 300w, https:\/\/relaisduvolcan.fr\/wp-content\/uploads\/2023\/10\/Mafate-768x512.jpg 768w, https:\/\/relaisduvolcan.fr\/wp-content\/uploads\/2023\/10\/Mafate-1536x1024.jpg 1536w, https:\/\/relaisduvolcan.fr\/wp-content\/uploads\/2023\/10\/Mafate.jpg 1920w\" sizes=\"(max-width: 1024px) 100vw, 1024px\" \/ data-src=\"https:\/\/relaisduvolcan.fr\/wp-content\/uploads\/2023\/10\/Mafate-1024x683.jpg\">\t\t\t\t\t\t\t\t<\/a>\n\t\t\t\t\t\t\t\t\t\t\t<figcaption class=\"widget-image-caption wp-caption-text\">Chambre Mafate<\/figcaption>\n\t\t\t\t\t\t\t\t\t\t<\/figure>\n\t\t\t\t\t\t\t\t\t<\/div>\n\t\t\t\t<\/div>\n\t\t\t\t<\/div>\n\t\t<div class=\"elementor-element elementor-element-5b17726f e-con-full e-flex e-con e-child\" data-id=\"5b17726f\" data-element_type=\"container\" data-e-type=\"container\">\n\t\t\t\t<div class=\"elementor-element elementor-element-603c1cdb elementor-widget__width-initial elementor-widget elementor-widget-image\" data-id=\"603c1cdb\" data-element_type=\"widget\" data-e-type=\"widget\" data-widget_type=\"image.default\">\n\t\t\t\t<div class=\"elementor-widget-container\">\n\t\t\t\t\t\t\t\t\t\t\t\t<figure class=\"wp-caption\">\n\t\t\t\t\t\t\t\t\t\t\t<a href=\"https:\/\/relaisduvolcan.fr\/?page_id=36\">\n\t\t\t\t\t\t\t<img width=\"1024\" height=\"688\"  class=\"attachment-large size-large wp-image-435 lws-optimize-lazyload\" alt=\"\" srcset=\"https:\/\/relaisduvolcan.fr\/wp-content\/uploads\/2023\/11\/Salazie1REC-1024x688.jpg 1024w, https:\/\/relaisduvolcan.fr\/wp-content\/uploads\/2023\/11\/Salazie1REC-300x202.jpg 300w, https:\/\/relaisduvolcan.fr\/wp-content\/uploads\/2023\/11\/Salazie1REC-768x516.jpg 768w, https:\/\/relaisduvolcan.fr\/wp-content\/uploads\/2023\/11\/Salazie1REC-1536x1032.jpg 1536w, https:\/\/relaisduvolcan.fr\/wp-content\/uploads\/2023\/11\/Salazie1REC-2048x1376.jpg 2048w\" sizes=\"(max-width: 1024px) 100vw, 1024px\" \/ data-src=\"https:\/\/relaisduvolcan.fr\/wp-content\/uploads\/2023\/11\/Salazie1REC-1024x688.jpg\">\t\t\t\t\t\t\t\t<\/a>\n\t\t\t\t\t\t\t\t\t\t\t<figcaption class=\"widget-image-caption wp-caption-text\">Chambre Salazie<\/figcaption>\n\t\t\t\t\t\t\t\t\t\t<\/figure>\n\t\t\t\t\t\t\t\t\t<\/div>\n\t\t\t\t<\/div>\n\t\t\t\t<\/div>\n\t\t\t\t<\/div>\n\t\t<div class=\"elementor-element elementor-element-df2d215 e-flex e-con-boxed e-con e-parent\" data-id=\"df2d215\" data-element_type=\"container\" data-e-type=\"container\">\n\t\t\t\t\t<div class=\"e-con-inner\">\n\t\t\t\t<div class=\"elementor-element elementor-element-e1d1e5c elementor-widget elementor-widget-text-editor\" data-id=\"e1d1e5c\" data-element_type=\"widget\" data-e-type=\"widget\" data-widget_type=\"text-editor.default\">\n\t\t\t\t<div class=\"elementor-widget-container\">\n\t\t\t\t\t\t\t\t\t<p><em>cliquez sur les vignettes pour plus de d\u00e9tails<\/em><\/p>\t\t\t\t\t\t\t\t<\/div>\n\t\t\t\t<\/div>\n\t\t\t\t\t<\/div>\n\t\t\t\t<\/div>\n\t\t<div class=\"elementor-element elementor-element-2bc21ba e-flex e-con-boxed e-con e-parent\" data-id=\"2bc21ba\" data-element_type=\"container\" data-e-type=\"container\">\n\t\t\t\t\t<div class=\"e-con-inner\">\n\t\t\t\t<div class=\"elementor-element elementor-element-e8c4517 elementor-widget elementor-widget-spacer\" data-id=\"e8c4517\" data-element_type=\"widget\" data-e-type=\"widget\" data-widget_type=\"spacer.default\">\n\t\t\t\t<div class=\"elementor-widget-container\">\n\t\t\t\t\t\t\t<div class=\"elementor-spacer\">\n\t\t\t<div class=\"elementor-spacer-inner\"><\/div>\n\t\t<\/div>\n\t\t\t\t\t\t<\/div>\n\t\t\t\t<\/div>\n\t\t\t\t\t<\/div>\n\t\t\t\t<\/div>\n\t\t<div class=\"elementor-element elementor-element-da7c4bf e-flex e-con-boxed e-con e-parent\" data-id=\"da7c4bf\" data-element_type=\"container\" data-e-type=\"container\">\n\t\t\t\t\t<div class=\"e-con-inner\">\n\t\t\t\t<div class=\"elementor-element elementor-element-b686b27 elementor-widget elementor-widget-heading\" data-id=\"b686b27\" data-element_type=\"widget\" data-e-type=\"widget\" data-widget_type=\"heading.default\">\n\t\t\t\t<div class=\"elementor-widget-container\">\n\t\t\t\t\t<h2 class=\"elementor-heading-title elementor-size-large\">\nR\u00e9servation:<\/h2>\t\t\t\t<\/div>\n\t\t\t\t<\/div>\n\t\t\t\t\t<\/div>\n\t\t\t\t<\/div>\n\t\t<div class=\"elementor-element elementor-element-fb42848 e-flex e-con-boxed e-con e-parent\" data-id=\"fb42848\" data-element_type=\"container\" data-e-type=\"container\">\n\t\t\t\t\t<div class=\"e-con-inner\">\n\t\t\t\t<div class=\"elementor-element elementor-element-3528ca9 elementor-widget elementor-widget-shortcode\" data-id=\"3528ca9\" data-element_type=\"widget\" data-e-type=\"widget\" data-widget_type=\"shortcode.default\">\n\t\t\t\t<div class=\"elementor-widget-container\">\n\t\t\t\t\t\t\t<div class=\"elementor-shortcode\">\n<div class=\"wpcf7 no-js\" id=\"wpcf7-f442-o1\" lang=\"fr-FR\" dir=\"ltr\" data-wpcf7-id=\"442\">\n<div class=\"screen-reader-response\"><p role=\"status\" aria-live=\"polite\" aria-atomic=\"true\"><\/p> <ul><\/ul><\/div>\n<form action=\"\/index.php?rest_route=%2Fwp%2Fv2%2Fpages%2F34#wpcf7-f442-o1\" method=\"post\" class=\"wpcf7-form init\" aria-label=\"Formulaire de contact\" novalidate=\"novalidate\" data-status=\"init\">\n<fieldset class=\"hidden-fields-container\"><input type=\"hidden\" name=\"_wpcf7\" value=\"442\" \/><input type=\"hidden\" name=\"_wpcf7_version\" value=\"6.1.5\" \/><input type=\"hidden\" name=\"_wpcf7_locale\" value=\"fr_FR\" \/><input type=\"hidden\" name=\"_wpcf7_unit_tag\" value=\"wpcf7-f442-o1\" \/><input type=\"hidden\" name=\"_wpcf7_container_post\" value=\"0\" \/><input type=\"hidden\" name=\"_wpcf7_posted_data_hash\" value=\"\" \/><input type=\"hidden\" name=\"_wpcf7_recaptcha_response\" value=\"\" \/>\n<\/fieldset>\n<p><label> Votre nom (obligatoire)<br \/>\n<span class=\"wpcf7-form-control-wrap\" data-name=\"your-name\"><input size=\"40\" maxlength=\"400\" class=\"wpcf7-form-control wpcf7-text wpcf7-validates-as-required\" autocomplete=\"name\" aria-required=\"true\" aria-invalid=\"false\" value=\"\" type=\"text\" name=\"your-name\" \/><\/span> <\/label>\n<\/p>\n<p><label> Votre e-mail (obligatoire)<br \/>\n<span class=\"wpcf7-form-control-wrap\" data-name=\"your-email\"><input size=\"40\" maxlength=\"400\" class=\"wpcf7-form-control wpcf7-email wpcf7-validates-as-required wpcf7-text wpcf7-validates-as-email\" autocomplete=\"email\" aria-required=\"true\" aria-invalid=\"false\" value=\"\" type=\"email\" name=\"your-email\" \/><\/span> <\/label>\n<\/p>\n<p><label> Objet<br \/>\n<span class=\"wpcf7-form-control-wrap\" data-name=\"your-subject\"><input size=\"40\" maxlength=\"400\" class=\"wpcf7-form-control wpcf7-text wpcf7-validates-as-required\" aria-required=\"true\" aria-invalid=\"false\" value=\"\" type=\"text\" name=\"your-subject\" \/><\/span> <\/label>\n<\/p>\n<p><label> Votre message<br \/>\n<span class=\"wpcf7-form-control-wrap\" data-name=\"your-message\"><textarea cols=\"40\" rows=\"10\" maxlength=\"2000\" class=\"wpcf7-form-control wpcf7-textarea\" aria-invalid=\"false\" name=\"your-message\"><\/textarea><\/span> <\/label>\n<\/p>\n<p><input class=\"wpcf7-form-control wpcf7-submit has-spinner\" type=\"submit\" value=\"Envoyer\" \/>\n<\/p><div class=\"wpcf7-response-output\" aria-hidden=\"true\"><\/div>\n<\/form>\n<\/div>\n<\/div>\n\t\t\t\t\t\t<\/div>\n\t\t\t\t<\/div>\n\t\t\t\t\t<\/div>\n\t\t\t\t<\/div>\n\t\t<div class=\"elementor-element elementor-element-eda0030 e-flex e-con-boxed e-con e-parent\" data-id=\"eda0030\" data-element_type=\"container\" data-e-type=\"container\">\n\t\t\t\t\t<div class=\"e-con-inner\">\n\t\t\t\t<div class=\"elementor-element elementor-element-4c09476 elementor-widget elementor-widget-heading\" data-id=\"4c09476\" data-element_type=\"widget\" data-e-type=\"widget\" data-widget_type=\"heading.default\">\n\t\t\t\t<div class=\"elementor-widget-container\">\n\t\t\t\t\t<h2 class=\"elementor-heading-title elementor-size-default\">Contact<\/h2>\t\t\t\t<\/div>\n\t\t\t\t<\/div>\n\t\t\t\t\t<\/div>\n\t\t\t\t<\/div>\n\t\t<div class=\"elementor-element elementor-element-d60a726 e-flex e-con-boxed e-con e-parent\" data-id=\"d60a726\" data-element_type=\"container\" data-e-type=\"container\">\n\t\t\t\t\t<div class=\"e-con-inner\">\n\t\t\t\t<div class=\"elementor-element elementor-element-c242b6c elementor-widget elementor-widget-text-editor\" data-id=\"c242b6c\" data-element_type=\"widget\" data-e-type=\"widget\" data-widget_type=\"text-editor.default\">\n\t\t\t\t<div class=\"elementor-widget-container\">\n\t\t\t\t\t\t\t\t\t<div id=\"comp-ie8rlhjn\" class=\"BaOVQ8 tz5f0K comp-ie8rlhjn wixui-rich-text\" data-testid=\"richTextElement\"><p class=\"font_8 wixui-rich-text__text\"><span class=\"wixui-rich-text__text\">T\u00e9l\u00a0 fixe : <strong>02 62 59 30 84<\/strong><\/span><\/p><p class=\"font_8 wixui-rich-text__text\"><span class=\"wixui-rich-text__text\">Portable :<strong> 06 92 74 89 33<\/strong><\/span><\/p><\/div><div id=\"comp-ie8rpjnx\" class=\"BaOVQ8 tz5f0K comp-ie8rpjnx wixui-rich-text\" data-testid=\"richTextElement\"><p class=\"font_8 wixui-rich-text__text\"><span class=\"wixui-rich-text__text\">Par Email: utilisez le formulaire ci-dessus.<\/span><\/p><p>Merci<\/p><\/div>\t\t\t\t\t\t\t\t<\/div>\n\t\t\t\t<\/div>\n\t\t\t\t\t<\/div>\n\t\t\t\t<\/div>\n\t\t<div class=\"elementor-element elementor-element-7beb687 e-flex e-con-boxed e-con e-parent\" data-id=\"7beb687\" data-element_type=\"container\" data-e-type=\"container\">\n\t\t\t\t\t<div class=\"e-con-inner\">\n\t\t\t\t<div class=\"elementor-element elementor-element-7edb730 elementor-widget elementor-widget-heading\" data-id=\"7edb730\" data-element_type=\"widget\" data-e-type=\"widget\" data-widget_type=\"heading.default\">\n\t\t\t\t<div class=\"elementor-widget-container\">\n\t\t\t\t\t<h2 class=\"elementor-heading-title elementor-size-default\">Venir au g\u00eete<\/h2>\t\t\t\t<\/div>\n\t\t\t\t<\/div>\n\t\t\t\t\t<\/div>\n\t\t\t\t<\/div>\n\t\t<div class=\"elementor-element elementor-element-190c21d e-flex e-con-boxed e-con e-parent\" data-id=\"190c21d\" data-element_type=\"container\" data-e-type=\"container\">\n\t\t\t\t\t<div class=\"e-con-inner\">\n\t\t\t\t\t<\/div>\n\t\t\t\t<\/div>\n\t\t<div class=\"elementor-element elementor-element-bd7b6f3 e-flex e-con-boxed e-con e-parent\" data-id=\"bd7b6f3\" data-element_type=\"container\" data-e-type=\"container\">\n\t\t\t\t\t<div class=\"e-con-inner\">\n\t\t\t\t<div class=\"elementor-element elementor-element-2b369db elementor-widget elementor-widget-html\" data-id=\"2b369db\" data-element_type=\"widget\" data-e-type=\"widget\" data-widget_type=\"html.default\">\n\t\t\t\t<div class=\"elementor-widget-container\">\n\t\t\t\t\t<iframe  width=\"600\" height=\"450\" style=\"border:0;\" allowfullscreen=\"\" loading=\"lazy\" referrerpolicy=\"no-referrer-when-downgrade\" class=\"lws-optimize-lazyload\" data-src=\"https:\/\/www.google.com\/maps\/embed?pb=!1m18!1m12!1m3!1d3719.116086849729!2d55.57541891282948!3d-21.227244780391008!2m3!1f0!2f0!3f0!3m2!1i1024!2i768!4f13.1!3m3!1m2!1s0x21787475197dd4df%3A0x30175a4ecc3d7669!2sRelais%20du%20volcan!5e0!3m2!1sfr!2sfr!4v1700204083036!5m2!1sfr!2sfr\"><\/iframe>\t\t\t\t<\/div>\n\t\t\t\t<\/div>\n\t\t\t\t\t<\/div>\n\t\t\t\t<\/div>\n\t\t\t\t<\/div>\n\t\t","protected":false},"excerpt":{"rendered":"<p>Prix de nos Chambres d&rsquo;H\u00f4tes \/ &nbsp;Petit-d\u00e9jeuner inclus 1 personne 55\u20ac &#8211; 2 personnes 70\u20ac &#8211; &nbsp;3 personnes 85\u20ac Mode de r\u00e8glement&nbsp;: esp\u00e8ce&nbsp; ou ch\u00e8que (pas de CB) Taxe de s\u00e9jour: 0,80 euros par jour et par personne Prenez l&rsquo;une de nos trois agr\u00e9ables chambres chauff\u00e9es, avec&nbsp;salle d&rsquo;eau&nbsp;et toilette individuelle chauff\u00e9es. D\u00e9tendez&nbsp;vous dans la&nbsp;pi\u00e8ce commune&nbsp;\u00e0 [&hellip;]<\/p>\n","protected":false},"author":1,"featured_media":142,"parent":0,"menu_order":0,"comment_status":"closed","ping_status":"closed","template":"","meta":{"footnotes":""},"class_list":["post-34","page","type-page","status-publish","has-post-thumbnail","czr-hentry"],"_links":{"self":[{"href":"https:\/\/relaisduvolcan.fr\/index.php?rest_route=\/wp\/v2\/pages\/34","targetHints":{"allow":["GET"]}}],"collection":[{"href":"https:\/\/relaisduvolcan.fr\/index.php?rest_route=\/wp\/v2\/pages"}],"about":[{"href":"https:\/\/relaisduvolcan.fr\/index.php?rest_route=\/wp\/v2\/types\/page"}],"author":[{"embeddable":true,"href":"https:\/\/relaisduvolcan.fr\/index.php?rest_route=\/wp\/v2\/users\/1"}],"replies":[{"embeddable":true,"href":"https:\/\/relaisduvolcan.fr\/index.php?rest_route=%2Fwp%2Fv2%2Fcomments&post=34"}],"version-history":[{"count":58,"href":"https:\/\/relaisduvolcan.fr\/index.php?rest_route=\/wp\/v2\/pages\/34\/revisions"}],"predecessor-version":[{"id":503,"href":"https:\/\/relaisduvolcan.fr\/index.php?rest_route=\/wp\/v2\/pages\/34\/revisions\/503"}],"wp:featuredmedia":[{"embeddable":true,"href":"https:\/\/relaisduvolcan.fr\/index.php?rest_route=\/wp\/v2\/media\/142"}],"wp:attachment":[{"href":"https:\/\/relaisduvolcan.fr\/index.php?rest_route=%2Fwp%2Fv2%2Fmedia&parent=34"}],"curies":[{"name":"wp","href":"https:\/\/api.w.org\/{rel}","templated":true}]}}