{"id":30,"date":"2023-11-17T12:29:42","date_gmt":"2023-11-17T08:29:42","guid":{"rendered":"http:\/\/relaisduvolcan.fr\/?page_id=30"},"modified":"2023-11-20T15:29:55","modified_gmt":"2023-11-20T11:29:55","slug":"visite-du-relais","status":"publish","type":"page","link":"https:\/\/relaisduvolcan.fr\/?page_id=30","title":{"rendered":"Visite du Relais"},"content":{"rendered":"\t\t<div data-elementor-type=\"wp-page\" data-elementor-id=\"30\" class=\"elementor elementor-30\">\n\t\t\t\t<div class=\"elementor-element elementor-element-be344e5 e-flex e-con-boxed e-con e-parent\" data-id=\"be344e5\" data-element_type=\"container\" data-e-type=\"container\">\n\t\t\t\t\t<div class=\"e-con-inner\">\n\t\t\t\t<div class=\"elementor-element elementor-element-afb1e5e elementor-widget elementor-widget-text-editor\" data-id=\"afb1e5e\" data-element_type=\"widget\" data-e-type=\"widget\" data-widget_type=\"text-editor.default\">\n\t\t\t\t<div class=\"elementor-widget-container\">\n\t\t\t\t\t\t\t\t\t<p><em>cliquez sur les vignettes pour agrandir<\/em><\/p>\t\t\t\t\t\t\t\t<\/div>\n\t\t\t\t<\/div>\n\t\t\t\t<div class=\"elementor-element elementor-element-fe0f713 gallery-spacing-custom elementor-widget elementor-widget-image-gallery\" data-id=\"fe0f713\" data-element_type=\"widget\" data-e-type=\"widget\" data-widget_type=\"image-gallery.default\">\n\t\t\t\t<div class=\"elementor-widget-container\">\n\t\t\t\t\t\t\t<div class=\"elementor-image-gallery\">\n\t\t\t<div id='gallery-1' class='czr-gallery row flex-row czr-gallery-style gallery galleryid-30 gallery-columns-4 gallery-size-thumbnail'><figure class='gallery-item col col-auto'>\r\n                        <div class='gallery-icon landscape czr-gallery-icon'>\r\n                              <a data-lb-type=\"grouped-gallery\" title=\"Entr\u00e9e\" href=https:\/\/relaisduvolcan.fr\/wp-content\/uploads\/2023\/11\/Entree-scaled.jpg class=\"bg-link\"><\/a><img width=\"150\" height=\"150\"  class=\"attachment-thumbnail size-thumbnail lws-optimize-lazyload\" alt=\"\" sizes=\"(min-width: 1200px) 255px, (min-width: 992px) 210px, (min-width: 768px) 150px, (min-width: 576px) 105px, calc( 50vw - 30px )\" aria-describedby=\"gallery-1-215\" srcset=\"https:\/\/relaisduvolcan.fr\/wp-content\/uploads\/2023\/11\/Entree-150x150.jpg 150w, https:\/\/relaisduvolcan.fr\/wp-content\/uploads\/2023\/11\/Entree-510x510.jpg 510w\" \/ data-src=\"https:\/\/relaisduvolcan.fr\/wp-content\/uploads\/2023\/11\/Entree-150x150.jpg\">\r\n                        <\/div>\r\n                              <figcaption class='wp-caption-text gallery-caption' id='gallery-1-215'>\r\n                              Entr\u00e9e\r\n                              <\/figcaption><\/figure><figure class='gallery-item col col-auto'>\r\n                        <div class='gallery-icon landscape czr-gallery-icon'>\r\n                              <a data-lb-type=\"grouped-gallery\" title=\"Jardin\" href=https:\/\/relaisduvolcan.fr\/wp-content\/uploads\/2023\/11\/Jardin-scaled.jpg class=\"bg-link\"><\/a><img width=\"150\" height=\"150\"  class=\"attachment-thumbnail size-thumbnail lws-optimize-lazyload\" alt=\"\" sizes=\"(min-width: 1200px) 255px, (min-width: 992px) 210px, (min-width: 768px) 150px, (min-width: 576px) 105px, calc( 50vw - 30px )\" aria-describedby=\"gallery-1-216\" srcset=\"https:\/\/relaisduvolcan.fr\/wp-content\/uploads\/2023\/11\/Jardin-150x150.jpg 150w, https:\/\/relaisduvolcan.fr\/wp-content\/uploads\/2023\/11\/Jardin-510x510.jpg 510w\" \/ data-src=\"https:\/\/relaisduvolcan.fr\/wp-content\/uploads\/2023\/11\/Jardin-150x150.jpg\">\r\n                        <\/div>\r\n                              <figcaption class='wp-caption-text gallery-caption' id='gallery-1-216'>\r\n                              Jardin\r\n                              <\/figcaption><\/figure><figure class='gallery-item col col-auto'>\r\n                        <div class='gallery-icon landscape czr-gallery-icon'>\r\n                              <a data-lb-type=\"grouped-gallery\" title=\"Terrasse\" href=https:\/\/relaisduvolcan.fr\/wp-content\/uploads\/2023\/11\/Terrasse2-scaled.jpg class=\"bg-link\"><\/a><img width=\"150\" height=\"150\"  class=\"attachment-thumbnail size-thumbnail lws-optimize-lazyload\" alt=\"\" sizes=\"(min-width: 1200px) 255px, (min-width: 992px) 210px, (min-width: 768px) 150px, (min-width: 576px) 105px, calc( 50vw - 30px )\" aria-describedby=\"gallery-1-222\" srcset=\"https:\/\/relaisduvolcan.fr\/wp-content\/uploads\/2023\/11\/Terrasse2-150x150.jpg 150w, https:\/\/relaisduvolcan.fr\/wp-content\/uploads\/2023\/11\/Terrasse2-510x510.jpg 510w\" \/ data-src=\"https:\/\/relaisduvolcan.fr\/wp-content\/uploads\/2023\/11\/Terrasse2-150x150.jpg\">\r\n                        <\/div>\r\n                              <figcaption class='wp-caption-text gallery-caption' id='gallery-1-222'>\r\n                              Terrasse\r\n                              <\/figcaption><\/figure><figure class='gallery-item col col-auto'>\r\n                        <div class='gallery-icon landscape czr-gallery-icon'>\r\n                              <a data-lb-type=\"grouped-gallery\" title=\"Terrasse\" href=https:\/\/relaisduvolcan.fr\/wp-content\/uploads\/2023\/11\/Terrasse1-scaled.jpg class=\"bg-link\"><\/a><img loading=\"lazy\" width=\"150\" height=\"150\"  class=\"attachment-thumbnail size-thumbnail lws-optimize-lazyload\" alt=\"\" sizes=\"(min-width: 1200px) 255px, (min-width: 992px) 210px, (min-width: 768px) 150px, (min-width: 576px) 105px, calc( 50vw - 30px )\" aria-describedby=\"gallery-1-221\" srcset=\"https:\/\/relaisduvolcan.fr\/wp-content\/uploads\/2023\/11\/Terrasse1-150x150.jpg 150w, https:\/\/relaisduvolcan.fr\/wp-content\/uploads\/2023\/11\/Terrasse1-510x510.jpg 510w\" \/ data-src=\"https:\/\/relaisduvolcan.fr\/wp-content\/uploads\/2023\/11\/Terrasse1-150x150.jpg\">\r\n                        <\/div>\r\n                              <figcaption class='wp-caption-text gallery-caption' id='gallery-1-221'>\r\n                              Terrasse\r\n                              <\/figcaption><\/figure><figure class='gallery-item col col-auto'>\r\n                        <div class='gallery-icon landscape czr-gallery-icon'>\r\n                              <a data-lb-type=\"grouped-gallery\" title=\"Salon\" href=https:\/\/relaisduvolcan.fr\/wp-content\/uploads\/2023\/11\/Salon2-scaled.jpg class=\"bg-link\"><\/a><img loading=\"lazy\" width=\"150\" height=\"150\"  class=\"attachment-thumbnail size-thumbnail lws-optimize-lazyload\" alt=\"\" sizes=\"(min-width: 1200px) 255px, (min-width: 992px) 210px, (min-width: 768px) 150px, (min-width: 576px) 105px, calc( 50vw - 30px )\" aria-describedby=\"gallery-1-219\" srcset=\"https:\/\/relaisduvolcan.fr\/wp-content\/uploads\/2023\/11\/Salon2-150x150.jpg 150w, https:\/\/relaisduvolcan.fr\/wp-content\/uploads\/2023\/11\/Salon2-510x510.jpg 510w\" \/ data-src=\"https:\/\/relaisduvolcan.fr\/wp-content\/uploads\/2023\/11\/Salon2-150x150.jpg\">\r\n                        <\/div>\r\n                              <figcaption class='wp-caption-text gallery-caption' id='gallery-1-219'>\r\n                              Salon\r\n                              <\/figcaption><\/figure><figure class='gallery-item col col-auto'>\r\n                        <div class='gallery-icon landscape czr-gallery-icon'>\r\n                              <a data-lb-type=\"grouped-gallery\" title=\"Salon\" href=https:\/\/relaisduvolcan.fr\/wp-content\/uploads\/2023\/11\/Salon-pano-scaled.jpg class=\"bg-link\"><\/a><img loading=\"lazy\" width=\"150\" height=\"150\"  class=\"attachment-thumbnail size-thumbnail lws-optimize-lazyload\" alt=\"\" sizes=\"(min-width: 1200px) 255px, (min-width: 992px) 210px, (min-width: 768px) 150px, (min-width: 576px) 105px, calc( 50vw - 30px )\" aria-describedby=\"gallery-1-217\" srcset=\"https:\/\/relaisduvolcan.fr\/wp-content\/uploads\/2023\/11\/Salon-pano-150x150.jpg 150w, https:\/\/relaisduvolcan.fr\/wp-content\/uploads\/2023\/11\/Salon-pano-510x510.jpg 510w\" \/ data-src=\"https:\/\/relaisduvolcan.fr\/wp-content\/uploads\/2023\/11\/Salon-pano-150x150.jpg\">\r\n                        <\/div>\r\n                              <figcaption class='wp-caption-text gallery-caption' id='gallery-1-217'>\r\n                              Salon\r\n                              <\/figcaption><\/figure><figure class='gallery-item col col-auto'>\r\n                        <div class='gallery-icon landscape czr-gallery-icon'>\r\n                              <a data-lb-type=\"grouped-gallery\" title=\"Salon\" href=https:\/\/relaisduvolcan.fr\/wp-content\/uploads\/2023\/11\/Salon1-scaled.jpg class=\"bg-link\"><\/a><img loading=\"lazy\" width=\"150\" height=\"150\"  class=\"attachment-thumbnail size-thumbnail lws-optimize-lazyload\" alt=\"\" sizes=\"(min-width: 1200px) 255px, (min-width: 992px) 210px, (min-width: 768px) 150px, (min-width: 576px) 105px, calc( 50vw - 30px )\" aria-describedby=\"gallery-1-218\" srcset=\"https:\/\/relaisduvolcan.fr\/wp-content\/uploads\/2023\/11\/Salon1-150x150.jpg 150w, https:\/\/relaisduvolcan.fr\/wp-content\/uploads\/2023\/11\/Salon1-510x510.jpg 510w\" \/ data-src=\"https:\/\/relaisduvolcan.fr\/wp-content\/uploads\/2023\/11\/Salon1-150x150.jpg\">\r\n                        <\/div>\r\n                              <figcaption class='wp-caption-text gallery-caption' id='gallery-1-218'>\r\n                              Salon\r\n                              <\/figcaption><\/figure><figure class='gallery-item col col-auto'>\r\n                        <div class='gallery-icon landscape czr-gallery-icon'>\r\n                              <a data-lb-type=\"grouped-gallery\" title=\"Petit d\u00e9jeuner\" href=https:\/\/relaisduvolcan.fr\/wp-content\/uploads\/2023\/11\/Cafe-devant-la-cheminee.jpg class=\"bg-link\"><\/a><img loading=\"lazy\" width=\"150\" height=\"150\"  class=\"attachment-thumbnail size-thumbnail lws-optimize-lazyload\" alt=\"\" sizes=\"(min-width: 1200px) 255px, (min-width: 992px) 210px, (min-width: 768px) 150px, (min-width: 576px) 105px, calc( 50vw - 30px )\" aria-describedby=\"gallery-1-230\" srcset=\"https:\/\/relaisduvolcan.fr\/wp-content\/uploads\/2023\/11\/Cafe-devant-la-cheminee-150x150.jpg 150w, https:\/\/relaisduvolcan.fr\/wp-content\/uploads\/2023\/11\/Cafe-devant-la-cheminee-510x510.jpg 510w\" \/ data-src=\"https:\/\/relaisduvolcan.fr\/wp-content\/uploads\/2023\/11\/Cafe-devant-la-cheminee-150x150.jpg\">\r\n                        <\/div>\r\n                              <figcaption class='wp-caption-text gallery-caption' id='gallery-1-230'>\r\n                              Petit d\u00e9jeuner\r\n                              <\/figcaption><\/figure><figure class='gallery-item col col-auto'>\r\n                        <div class='gallery-icon landscape czr-gallery-icon'>\r\n                              <a data-lb-type=\"grouped-gallery\" title=\"Petit d\u00e9jeuner\" href=https:\/\/relaisduvolcan.fr\/wp-content\/uploads\/2023\/11\/Salle-a-manger-galerie.jpg class=\"bg-link\"><\/a><img loading=\"lazy\" width=\"150\" height=\"150\"  class=\"attachment-thumbnail size-thumbnail lws-optimize-lazyload\" alt=\"\" sizes=\"(min-width: 1200px) 255px, (min-width: 992px) 210px, (min-width: 768px) 150px, (min-width: 576px) 105px, calc( 50vw - 30px )\" aria-describedby=\"gallery-1-225\" srcset=\"https:\/\/relaisduvolcan.fr\/wp-content\/uploads\/2023\/11\/Salle-a-manger-galerie-150x150.jpg 150w, https:\/\/relaisduvolcan.fr\/wp-content\/uploads\/2023\/11\/Salle-a-manger-galerie-510x510.jpg 510w\" \/ data-src=\"https:\/\/relaisduvolcan.fr\/wp-content\/uploads\/2023\/11\/Salle-a-manger-galerie-150x150.jpg\">\r\n                        <\/div>\r\n                              <figcaption class='wp-caption-text gallery-caption' id='gallery-1-225'>\r\n                              Petit d\u00e9jeuner\r\n                              <\/figcaption><\/figure><figure class='gallery-item col col-auto'>\r\n                        <div class='gallery-icon landscape czr-gallery-icon'>\r\n                              <a data-lb-type=\"grouped-gallery\" title=\"Confitures maison bio\" href=https:\/\/relaisduvolcan.fr\/wp-content\/uploads\/2023\/11\/Confitures-maison.jpg class=\"bg-link\"><\/a><img loading=\"lazy\" width=\"150\" height=\"150\"  class=\"attachment-thumbnail size-thumbnail lws-optimize-lazyload\" alt=\"\" sizes=\"(min-width: 1200px) 255px, (min-width: 992px) 210px, (min-width: 768px) 150px, (min-width: 576px) 105px, calc( 50vw - 30px )\" aria-describedby=\"gallery-1-229\" srcset=\"https:\/\/relaisduvolcan.fr\/wp-content\/uploads\/2023\/11\/Confitures-maison-150x150.jpg 150w, https:\/\/relaisduvolcan.fr\/wp-content\/uploads\/2023\/11\/Confitures-maison-510x510.jpg 510w\" \/ data-src=\"https:\/\/relaisduvolcan.fr\/wp-content\/uploads\/2023\/11\/Confitures-maison-150x150.jpg\">\r\n                        <\/div>\r\n                              <figcaption class='wp-caption-text gallery-caption' id='gallery-1-229'>\r\n                              Confitures maison bio\r\n                              <\/figcaption><\/figure><figure class='gallery-item col col-auto'>\r\n                        <div class='gallery-icon portrait czr-gallery-icon'>\r\n                              <a data-lb-type=\"grouped-gallery\" title=\"Petit d\u00e9jeuner\" href=https:\/\/relaisduvolcan.fr\/wp-content\/uploads\/2023\/11\/Petit_dej.jpg class=\"bg-link\"><\/a><img loading=\"lazy\" width=\"150\" height=\"150\"  class=\"attachment-thumbnail size-thumbnail lws-optimize-lazyload\" alt=\"\" sizes=\"(min-width: 1200px) 255px, (min-width: 992px) 210px, (min-width: 768px) 150px, (min-width: 576px) 105px, calc( 50vw - 30px )\" aria-describedby=\"gallery-1-227\" srcset=\"https:\/\/relaisduvolcan.fr\/wp-content\/uploads\/2023\/11\/Petit_dej-150x150.jpg 150w, https:\/\/relaisduvolcan.fr\/wp-content\/uploads\/2023\/11\/Petit_dej-510x510.jpg 510w\" \/ data-src=\"https:\/\/relaisduvolcan.fr\/wp-content\/uploads\/2023\/11\/Petit_dej-150x150.jpg\">\r\n                        <\/div>\r\n                              <figcaption class='wp-caption-text gallery-caption' id='gallery-1-227'>\r\n                              Petit d\u00e9jeuner\r\n                              <\/figcaption><\/figure><figure class='gallery-item col col-auto'>\r\n                        <div class='gallery-icon landscape czr-gallery-icon'>\r\n                              <a data-lb-type=\"grouped-gallery\" title=\"Petit d\u00e9jeuner\" href=https:\/\/relaisduvolcan.fr\/wp-content\/uploads\/2023\/11\/Salon-galerie.jpg class=\"bg-link\"><\/a><img loading=\"lazy\" width=\"150\" height=\"150\"  class=\"attachment-thumbnail size-thumbnail lws-optimize-lazyload\" alt=\"\" sizes=\"(min-width: 1200px) 255px, (min-width: 992px) 210px, (min-width: 768px) 150px, (min-width: 576px) 105px, calc( 50vw - 30px )\" aria-describedby=\"gallery-1-224\" srcset=\"https:\/\/relaisduvolcan.fr\/wp-content\/uploads\/2023\/11\/Salon-galerie-150x150.jpg 150w, https:\/\/relaisduvolcan.fr\/wp-content\/uploads\/2023\/11\/Salon-galerie-510x510.jpg 510w\" \/ data-src=\"https:\/\/relaisduvolcan.fr\/wp-content\/uploads\/2023\/11\/Salon-galerie-150x150.jpg\">\r\n                        <\/div>\r\n                              <figcaption class='wp-caption-text gallery-caption' id='gallery-1-224'>\r\n                              Petit d\u00e9jeuner\r\n                              <\/figcaption><\/figure><figure class='gallery-item col col-auto'>\r\n                        <div class='gallery-icon portrait czr-gallery-icon'>\r\n                              <a data-lb-type=\"grouped-gallery\" title=\"\u00c9pices pays\" href=https:\/\/relaisduvolcan.fr\/wp-content\/uploads\/2023\/11\/mini-boutique-bio-galerie.jpg class=\"bg-link\"><\/a><img loading=\"lazy\" width=\"150\" height=\"150\"  class=\"attachment-thumbnail size-thumbnail lws-optimize-lazyload\" alt=\"\" sizes=\"(min-width: 1200px) 255px, (min-width: 992px) 210px, (min-width: 768px) 150px, (min-width: 576px) 105px, calc( 50vw - 30px )\" aria-describedby=\"gallery-1-226\" srcset=\"https:\/\/relaisduvolcan.fr\/wp-content\/uploads\/2023\/11\/mini-boutique-bio-galerie-150x150.jpg 150w, https:\/\/relaisduvolcan.fr\/wp-content\/uploads\/2023\/11\/mini-boutique-bio-galerie-510x510.jpg 510w\" \/ data-src=\"https:\/\/relaisduvolcan.fr\/wp-content\/uploads\/2023\/11\/mini-boutique-bio-galerie-150x150.jpg\">\r\n                        <\/div>\r\n                              <figcaption class='wp-caption-text gallery-caption' id='gallery-1-226'>\r\n                              \u00c9pices pays\r\n                              <\/figcaption><\/figure><figure class='gallery-item col col-auto'>\r\n                        <div class='gallery-icon landscape czr-gallery-icon'>\r\n                              <a data-lb-type=\"grouped-gallery\" title=\"\u00c9pices pays\" href=https:\/\/relaisduvolcan.fr\/wp-content\/uploads\/2023\/11\/Epices-gp.jpg class=\"bg-link\"><\/a><img loading=\"lazy\" width=\"150\" height=\"150\"  class=\"attachment-thumbnail size-thumbnail lws-optimize-lazyload\" alt=\"\" sizes=\"(min-width: 1200px) 255px, (min-width: 992px) 210px, (min-width: 768px) 150px, (min-width: 576px) 105px, calc( 50vw - 30px )\" aria-describedby=\"gallery-1-228\" srcset=\"https:\/\/relaisduvolcan.fr\/wp-content\/uploads\/2023\/11\/Epices-gp-150x150.jpg 150w, https:\/\/relaisduvolcan.fr\/wp-content\/uploads\/2023\/11\/Epices-gp-510x510.jpg 510w\" \/ data-src=\"https:\/\/relaisduvolcan.fr\/wp-content\/uploads\/2023\/11\/Epices-gp-150x150.jpg\">\r\n                        <\/div>\r\n                              <figcaption class='wp-caption-text gallery-caption' id='gallery-1-228'>\r\n                              \u00c9pices pays\r\n                              <\/figcaption><\/figure><figure class='gallery-item col col-auto'>\r\n                        <div class='gallery-icon landscape czr-gallery-icon'>\r\n                              <a data-lb-type=\"grouped-gallery\" title=\"Cuisine \" href=https:\/\/relaisduvolcan.fr\/wp-content\/uploads\/2023\/11\/Cuisine2-1-scaled.jpg class=\"bg-link\"><\/a><img loading=\"lazy\" width=\"150\" height=\"150\"  class=\"attachment-thumbnail size-thumbnail lws-optimize-lazyload\" alt=\"\" sizes=\"(min-width: 1200px) 255px, (min-width: 992px) 210px, (min-width: 768px) 150px, (min-width: 576px) 105px, calc( 50vw - 30px )\" aria-describedby=\"gallery-1-232\" srcset=\"https:\/\/relaisduvolcan.fr\/wp-content\/uploads\/2023\/11\/Cuisine2-1-150x150.jpg 150w, https:\/\/relaisduvolcan.fr\/wp-content\/uploads\/2023\/11\/Cuisine2-1-510x510.jpg 510w\" \/ data-src=\"https:\/\/relaisduvolcan.fr\/wp-content\/uploads\/2023\/11\/Cuisine2-1-150x150.jpg\">\r\n                        <\/div>\r\n                              <figcaption class='wp-caption-text gallery-caption' id='gallery-1-232'>\r\n                              Cuisine \r\n                              <\/figcaption><\/figure><figure class='gallery-item col col-auto'>\r\n                        <div class='gallery-icon landscape czr-gallery-icon'>\r\n                              <a data-lb-type=\"grouped-gallery\" title=\"Cuisine \" href=https:\/\/relaisduvolcan.fr\/wp-content\/uploads\/2023\/11\/Cuisine1-1-scaled.jpg class=\"bg-link\"><\/a><img loading=\"lazy\" width=\"150\" height=\"150\"  class=\"attachment-thumbnail size-thumbnail lws-optimize-lazyload\" alt=\"\" sizes=\"(min-width: 1200px) 255px, (min-width: 992px) 210px, (min-width: 768px) 150px, (min-width: 576px) 105px, calc( 50vw - 30px )\" aria-describedby=\"gallery-1-231\" srcset=\"https:\/\/relaisduvolcan.fr\/wp-content\/uploads\/2023\/11\/Cuisine1-1-150x150.jpg 150w, https:\/\/relaisduvolcan.fr\/wp-content\/uploads\/2023\/11\/Cuisine1-1-510x510.jpg 510w\" \/ data-src=\"https:\/\/relaisduvolcan.fr\/wp-content\/uploads\/2023\/11\/Cuisine1-1-150x150.jpg\">\r\n                        <\/div>\r\n                              <figcaption class='wp-caption-text gallery-caption' id='gallery-1-231'>\r\n                              Cuisine \r\n                              <\/figcaption><\/figure>\r\n                  <\/div>\n\t\t<\/div>\n\t\t\t\t\t\t<\/div>\n\t\t\t\t<\/div>\n\t\t\t\t\t<\/div>\n\t\t\t\t<\/div>\n\t\t\t\t<\/div>\n\t\t","protected":false},"excerpt":{"rendered":"<p>cliquez sur les vignettes pour agrandir Entr\u00e9e Jardin Terrasse Terrasse Salon Salon Salon Petit d\u00e9jeuner Petit d\u00e9jeuner Confitures maison bio Petit d\u00e9jeuner Petit d\u00e9jeuner \u00c9pices pays \u00c9pices pays Cuisine Cuisine<\/p>\n","protected":false},"author":1,"featured_media":224,"parent":0,"menu_order":0,"comment_status":"closed","ping_status":"closed","template":"","meta":{"footnotes":""},"class_list":["post-30","page","type-page","status-publish","has-post-thumbnail","czr-hentry"],"_links":{"self":[{"href":"https:\/\/relaisduvolcan.fr\/index.php?rest_route=\/wp\/v2\/pages\/30","targetHints":{"allow":["GET"]}}],"collection":[{"href":"https:\/\/relaisduvolcan.fr\/index.php?rest_route=\/wp\/v2\/pages"}],"about":[{"href":"https:\/\/relaisduvolcan.fr\/index.php?rest_route=\/wp\/v2\/types\/page"}],"author":[{"embeddable":true,"href":"https:\/\/relaisduvolcan.fr\/index.php?rest_route=\/wp\/v2\/users\/1"}],"replies":[{"embeddable":true,"href":"https:\/\/relaisduvolcan.fr\/index.php?rest_route=%2Fwp%2Fv2%2Fcomments&post=30"}],"version-history":[{"count":15,"href":"https:\/\/relaisduvolcan.fr\/index.php?rest_route=\/wp\/v2\/pages\/30\/revisions"}],"predecessor-version":[{"id":406,"href":"https:\/\/relaisduvolcan.fr\/index.php?rest_route=\/wp\/v2\/pages\/30\/revisions\/406"}],"wp:featuredmedia":[{"embeddable":true,"href":"https:\/\/relaisduvolcan.fr\/index.php?rest_route=\/wp\/v2\/media\/224"}],"wp:attachment":[{"href":"https:\/\/relaisduvolcan.fr\/index.php?rest_route=%2Fwp%2Fv2%2Fmedia&parent=30"}],"curies":[{"name":"wp","href":"https:\/\/api.w.org\/{rel}","templated":true}]}}