{"id":23,"date":"2023-09-11T14:50:40","date_gmt":"2023-09-11T10:50:40","guid":{"rendered":"http:\/\/relaisduvolcan.fr\/?page_id=23"},"modified":"2023-11-20T14:00:45","modified_gmt":"2023-11-20T10:00:45","slug":"site-en-construction","status":"publish","type":"page","link":"https:\/\/relaisduvolcan.fr\/","title":{"rendered":"Accueil"},"content":{"rendered":"\t\t<div data-elementor-type=\"wp-page\" data-elementor-id=\"23\" class=\"elementor elementor-23\">\n\t\t\t\t<div class=\"elementor-element elementor-element-e72ded6 e-flex e-con-boxed e-con e-parent\" data-id=\"e72ded6\" data-element_type=\"container\" data-e-type=\"container\">\n\t\t\t\t\t<div class=\"e-con-inner\">\n\t\t\t\t<div class=\"elementor-element elementor-element-52c6e70 elementor-widget__width-inherit elementor-arrows-position-inside elementor-pagination-position-outside elementor-widget elementor-widget-image-carousel\" data-id=\"52c6e70\" data-element_type=\"widget\" data-e-type=\"widget\" data-settings=\"{&quot;navigation&quot;:&quot;both&quot;,&quot;autoplay&quot;:&quot;yes&quot;,&quot;pause_on_hover&quot;:&quot;yes&quot;,&quot;pause_on_interaction&quot;:&quot;yes&quot;,&quot;autoplay_speed&quot;:5000,&quot;infinite&quot;:&quot;yes&quot;,&quot;speed&quot;:500}\" data-widget_type=\"image-carousel.default\">\n\t\t\t\t<div class=\"elementor-widget-container\">\n\t\t\t\t\t\t\t<div class=\"elementor-image-carousel-wrapper swiper\" role=\"region\" aria-roledescription=\"carousel\" aria-label=\"Carrousel d\u2019images\" dir=\"ltr\">\n\t\t\t<div class=\"elementor-image-carousel swiper-wrapper swiper-image-stretch\" aria-live=\"off\">\n\t\t\t\t\t\t\t\t<div class=\"swiper-slide\" role=\"group\" aria-roledescription=\"slide\" aria-label=\"1 sur 10\"><a data-elementor-open-lightbox=\"yes\" data-elementor-lightbox-slideshow=\"52c6e70\" data-elementor-lightbox-title=\"La caldeira de la Fournaise\" data-e-action-hash=\"#elementor-action%3Aaction%3Dlightbox%26settings%3DeyJpZCI6MjU0LCJ1cmwiOiJodHRwczpcL1wvcmVsYWlzZHV2b2xjYW4uZnJcL3dwLWNvbnRlbnRcL3VwbG9hZHNcLzIwMjNcLzExXC9Wb2xjYW4tUGFub3JhbWEtMDMuanBnIiwic2xpZGVzaG93IjoiNTJjNmU3MCJ9\" href=\"https:\/\/relaisduvolcan.fr\/wp-content\/uploads\/2023\/11\/Volcan-Panorama-03.jpg\"><figure class=\"swiper-slide-inner\"><img class=\"swiper-slide-image lws-optimize-lazyload\"  alt=\"La caldeira de la Fournaise\" \/ data-src=\"https:\/\/relaisduvolcan.fr\/wp-content\/uploads\/elementor\/thumbs\/Volcan-Panorama-03-qfhio4kn1s92f452qvb31mieji3ojmqft5t361qtc0.jpg\"><\/figure><\/a><\/div><div class=\"swiper-slide\" role=\"group\" aria-roledescription=\"slide\" aria-label=\"2 sur 10\"><a data-elementor-open-lightbox=\"yes\" data-elementor-lightbox-slideshow=\"52c6e70\" data-elementor-lightbox-title=\"La Plaine des Sables\" data-e-action-hash=\"#elementor-action%3Aaction%3Dlightbox%26settings%3DeyJpZCI6MjUzLCJ1cmwiOiJodHRwczpcL1wvcmVsYWlzZHV2b2xjYW4uZnJcL3dwLWNvbnRlbnRcL3VwbG9hZHNcLzIwMjNcLzExXC9Wb2xjYW4tMTMuanBnIiwic2xpZGVzaG93IjoiNTJjNmU3MCJ9\" href=\"https:\/\/relaisduvolcan.fr\/wp-content\/uploads\/2023\/11\/Volcan-13.jpg\"><figure class=\"swiper-slide-inner\"><img class=\"swiper-slide-image lws-optimize-lazyload\"  alt=\"La Plaine des Sables\" \/ data-src=\"https:\/\/relaisduvolcan.fr\/wp-content\/uploads\/elementor\/thumbs\/Volcan-13-qfhio1r4ha57ga967c37c580rchkwjf8srumq7uzuo.jpg\"><\/figure><\/a><\/div><div class=\"swiper-slide\" role=\"group\" aria-roledescription=\"slide\" aria-label=\"3 sur 10\"><a data-elementor-open-lightbox=\"yes\" data-elementor-lightbox-slideshow=\"52c6e70\" data-elementor-lightbox-title=\"Belv\u00e9d\u00e8re du Nez de B\u0153uf\" data-e-action-hash=\"#elementor-action%3Aaction%3Dlightbox%26settings%3DeyJpZCI6MjUyLCJ1cmwiOiJodHRwczpcL1wvcmVsYWlzZHV2b2xjYW4uZnJcL3dwLWNvbnRlbnRcL3VwbG9hZHNcLzIwMjNcLzExXC91bm5hbWVkLWZpbGUtNy5qcGciLCJzbGlkZXNob3ciOiI1MmM2ZTcwIn0%3D\" href=\"https:\/\/relaisduvolcan.fr\/wp-content\/uploads\/2023\/11\/unnamed-file-7.jpg\"><figure class=\"swiper-slide-inner\"><img class=\"swiper-slide-image lws-optimize-lazyload\"  alt=\"Belv\u00e9d\u00e8re du Nez de B\u0153uf\" \/ data-src=\"https:\/\/relaisduvolcan.fr\/wp-content\/uploads\/elementor\/thumbs\/unnamed-file-7-qfhinxzrpy025uemtagp2666dt041r0bg98ot40kjk.jpg\"><\/figure><\/a><\/div><div class=\"swiper-slide\" role=\"group\" aria-roledescription=\"slide\" aria-label=\"4 sur 10\"><a data-elementor-open-lightbox=\"yes\" data-elementor-lightbox-slideshow=\"52c6e70\" data-e-action-hash=\"#elementor-action%3Aaction%3Dlightbox%26settings%3DeyJpZCI6MjUxLCJ1cmwiOiJodHRwczpcL1wvcmVsYWlzZHV2b2xjYW4uZnJcL3dwLWNvbnRlbnRcL3VwbG9hZHNcLzIwMjNcLzExXC91bm5hbWVkLWZpbGUtNi5qcGciLCJzbGlkZXNob3ciOiI1MmM2ZTcwIn0%3D\" href=\"https:\/\/relaisduvolcan.fr\/wp-content\/uploads\/2023\/11\/unnamed-file-6.jpg\"><figure class=\"swiper-slide-inner\"><img class=\"swiper-slide-image lws-optimize-lazyload\"  alt=\"\" \/ data-src=\"https:\/\/relaisduvolcan.fr\/wp-content\/uploads\/elementor\/thumbs\/unnamed-file-6-qfhinv695fw770iq9r8tcovslne0enp4fva8da4r28.jpg\"><\/figure><\/a><\/div><div class=\"swiper-slide\" role=\"group\" aria-roledescription=\"slide\" aria-label=\"5 sur 10\"><a data-elementor-open-lightbox=\"yes\" data-elementor-lightbox-slideshow=\"52c6e70\" data-e-action-hash=\"#elementor-action%3Aaction%3Dlightbox%26settings%3DeyJpZCI6MjUwLCJ1cmwiOiJodHRwczpcL1wvcmVsYWlzZHV2b2xjYW4uZnJcL3dwLWNvbnRlbnRcL3VwbG9hZHNcLzIwMjNcLzExXC91bm5hbWVkLWZpbGUtNS5qcGciLCJzbGlkZXNob3ciOiI1MmM2ZTcwIn0%3D\" href=\"https:\/\/relaisduvolcan.fr\/wp-content\/uploads\/2023\/11\/unnamed-file-5.jpg\"><figure class=\"swiper-slide-inner\"><img class=\"swiper-slide-image lws-optimize-lazyload\"  alt=\"\" \/ data-src=\"https:\/\/relaisduvolcan.fr\/wp-content\/uploads\/elementor\/thumbs\/unnamed-file-5-qfhinscqkxsc86mtq80xn7lethrwrkdxfhbrxg8xkw.jpg\"><\/figure><\/a><\/div><div class=\"swiper-slide\" role=\"group\" aria-roledescription=\"slide\" aria-label=\"6 sur 10\"><a data-elementor-open-lightbox=\"yes\" data-elementor-lightbox-slideshow=\"52c6e70\" data-e-action-hash=\"#elementor-action%3Aaction%3Dlightbox%26settings%3DeyJpZCI6MjQ5LCJ1cmwiOiJodHRwczpcL1wvcmVsYWlzZHV2b2xjYW4uZnJcL3dwLWNvbnRlbnRcL3VwbG9hZHNcLzIwMjNcLzExXC91bm5hbWVkLWZpbGUtNC5qcGciLCJzbGlkZXNob3ciOiI1MmM2ZTcwIn0%3D\" href=\"https:\/\/relaisduvolcan.fr\/wp-content\/uploads\/2023\/11\/unnamed-file-4.jpg\"><figure class=\"swiper-slide-inner\"><img class=\"swiper-slide-image lws-optimize-lazyload\"  alt=\"\" \/ data-src=\"https:\/\/relaisduvolcan.fr\/wp-content\/uploads\/elementor\/thumbs\/unnamed-file-4-qfhinoldtln6xqsac6efd8jkfyafwrz02ypu0cei9s.jpg\"><\/figure><\/a><\/div><div class=\"swiper-slide\" role=\"group\" aria-roledescription=\"slide\" aria-label=\"7 sur 10\"><a data-elementor-open-lightbox=\"yes\" data-elementor-lightbox-slideshow=\"52c6e70\" data-e-action-hash=\"#elementor-action%3Aaction%3Dlightbox%26settings%3DeyJpZCI6MjQ4LCJ1cmwiOiJodHRwczpcL1wvcmVsYWlzZHV2b2xjYW4uZnJcL3dwLWNvbnRlbnRcL3VwbG9hZHNcLzIwMjNcLzExXC91bm5hbWVkLWZpbGUtMy5qcGciLCJzbGlkZXNob3ciOiI1MmM2ZTcwIn0%3D\" href=\"https:\/\/relaisduvolcan.fr\/wp-content\/uploads\/2023\/11\/unnamed-file-3.jpg\"><figure class=\"swiper-slide-inner\"><img class=\"swiper-slide-image lws-optimize-lazyload\"  alt=\"\" \/ data-src=\"https:\/\/relaisduvolcan.fr\/wp-content\/uploads\/elementor\/thumbs\/unnamed-file-3-qfhinlrv93jbywwdsn6jnr96nsoc9ont2krdkiiosg.jpg\"><\/figure><\/a><\/div><div class=\"swiper-slide\" role=\"group\" aria-roledescription=\"slide\" aria-label=\"8 sur 10\"><a data-elementor-open-lightbox=\"yes\" data-elementor-lightbox-slideshow=\"52c6e70\" data-e-action-hash=\"#elementor-action%3Aaction%3Dlightbox%26settings%3DeyJpZCI6MjQ3LCJ1cmwiOiJodHRwczpcL1wvcmVsYWlzZHV2b2xjYW4uZnJcL3dwLWNvbnRlbnRcL3VwbG9hZHNcLzIwMjNcLzExXC91bm5hbWVkLWZpbGUtMi5qcGciLCJzbGlkZXNob3ciOiI1MmM2ZTcwIn0%3D\" href=\"https:\/\/relaisduvolcan.fr\/wp-content\/uploads\/2023\/11\/unnamed-file-2.jpg\"><figure class=\"swiper-slide-inner\"><img class=\"swiper-slide-image lws-optimize-lazyload\"  alt=\"\" \/ data-src=\"https:\/\/relaisduvolcan.fr\/wp-content\/uploads\/elementor\/thumbs\/unnamed-file-2-qfhini0ihre6oh1uelk1ds7ca96vew8vq25fneo9hc.jpg\"><\/figure><\/a><\/div><div class=\"swiper-slide\" role=\"group\" aria-roledescription=\"slide\" aria-label=\"9 sur 10\"><a data-elementor-open-lightbox=\"yes\" data-elementor-lightbox-slideshow=\"52c6e70\" data-e-action-hash=\"#elementor-action%3Aaction%3Dlightbox%26settings%3DeyJpZCI6MjQ2LCJ1cmwiOiJodHRwczpcL1wvcmVsYWlzZHV2b2xjYW4uZnJcL3dwLWNvbnRlbnRcL3VwbG9hZHNcLzIwMjNcLzExXC91bm5hbWVkLWZpbGUtMS5qcGciLCJzbGlkZXNob3ciOiI1MmM2ZTcwIn0%3D\" href=\"https:\/\/relaisduvolcan.fr\/wp-content\/uploads\/2023\/11\/unnamed-file-1.jpg\"><figure class=\"swiper-slide-inner\"><img class=\"swiper-slide-image lws-optimize-lazyload\"  alt=\"\" \/ data-src=\"https:\/\/relaisduvolcan.fr\/wp-content\/uploads\/elementor\/thumbs\/unnamed-file-1-qfhine95qf91e17b0jxj3t5hwppek3tydjjhqatu68.jpg\"><\/figure><\/a><\/div><div class=\"swiper-slide\" role=\"group\" aria-roledescription=\"slide\" aria-label=\"10 sur 10\"><a data-elementor-open-lightbox=\"yes\" data-elementor-lightbox-slideshow=\"52c6e70\" data-e-action-hash=\"#elementor-action%3Aaction%3Dlightbox%26settings%3DeyJpZCI6MjQ1LCJ1cmwiOiJodHRwczpcL1wvcmVsYWlzZHV2b2xjYW4uZnJcL3dwLWNvbnRlbnRcL3VwbG9hZHNcLzIwMjNcLzExXC91bm5hbWVkLWZpbGUuanBnIiwic2xpZGVzaG93IjoiNTJjNmU3MCJ9\" href=\"https:\/\/relaisduvolcan.fr\/wp-content\/uploads\/2023\/11\/unnamed-file.jpg\"><figure class=\"swiper-slide-inner\"><img class=\"swiper-slide-image lws-optimize-lazyload\"  alt=\"\" \/ data-src=\"https:\/\/relaisduvolcan.fr\/wp-content\/uploads\/elementor\/thumbs\/unnamed-file-qfhinbfn5x56f7beh0pnebv44k3ax0ird5l1agy0ow.jpg\"><\/figure><\/a><\/div>\t\t\t<\/div>\n\t\t\t\t\t\t\t\t\t\t\t\t<div class=\"elementor-swiper-button elementor-swiper-button-prev\" role=\"button\" tabindex=\"0\">\n\t\t\t\t\t\t<svg aria-hidden=\"true\" class=\"e-font-icon-svg e-eicon-chevron-left\" viewBox=\"0 0 1000 1000\" xmlns=\"http:\/\/www.w3.org\/2000\/svg\"><path d=\"M646 125C629 125 613 133 604 142L308 442C296 454 292 471 292 487 292 504 296 521 308 533L604 854C617 867 629 875 646 875 663 875 679 871 692 858 704 846 713 829 713 812 713 796 708 779 692 767L438 487 692 225C700 217 708 204 708 187 708 171 704 154 692 142 675 129 663 125 646 125Z\"><\/path><\/svg>\t\t\t\t\t<\/div>\n\t\t\t\t\t<div class=\"elementor-swiper-button elementor-swiper-button-next\" role=\"button\" tabindex=\"0\">\n\t\t\t\t\t\t<svg aria-hidden=\"true\" class=\"e-font-icon-svg e-eicon-chevron-right\" viewBox=\"0 0 1000 1000\" xmlns=\"http:\/\/www.w3.org\/2000\/svg\"><path d=\"M696 533C708 521 713 504 713 487 713 471 708 454 696 446L400 146C388 133 375 125 354 125 338 125 325 129 313 142 300 154 292 171 292 187 292 204 296 221 308 233L563 492 304 771C292 783 288 800 288 817 288 833 296 850 308 863 321 871 338 875 354 875 371 875 388 867 400 854L696 533Z\"><\/path><\/svg>\t\t\t\t\t<\/div>\n\t\t\t\t\n\t\t\t\t\t\t\t\t\t<div class=\"swiper-pagination\"><\/div>\n\t\t\t\t\t\t\t\t\t<\/div>\n\t\t\t\t\t\t<\/div>\n\t\t\t\t<\/div>\n\t\t\t\t\t<\/div>\n\t\t\t\t<\/div>\n\t\t<div class=\"elementor-element elementor-element-32ce9f9 e-grid e-con-full e-con e-parent\" data-id=\"32ce9f9\" data-element_type=\"container\" data-e-type=\"container\">\n\t\t\t\t<div class=\"elementor-element elementor-element-eab90a7 elementor-widget__width-initial elementor-widget elementor-widget-text-editor\" data-id=\"eab90a7\" data-element_type=\"widget\" data-e-type=\"widget\" data-widget_type=\"text-editor.default\">\n\t\t\t\t<div class=\"elementor-widget-container\">\n\t\t\t\t\t\t\t\t\t<p class=\"font_7 wixui-rich-text__text\"><span class=\"wixui-rich-text__text\">Bienvenue au Relais du Volcan.<\/span><\/p>\n<p class=\"font_7 wixui-rich-text__text\"><span class=\"wixui-rich-text__text\">Je serai\u00a0heureuse de vous recevoir dans ma case cr\u00e9ole.<\/span><\/p>\n<p class=\"font_7 wixui-rich-text__text\"><span class=\"wixui-rich-text__text\">Venez passer un\u00a0s\u00e9jour chaleureux et\u00a0douillet\u00a0 dans le calme des\u00a0hauts.<\/span><\/p>\n<p><span class=\"wixui-rich-text__text\">Sylvie<\/span><\/p>\n<p><strong>Contacter Sylvie au +262 (0) 692 74 89 33 pour tout renseignements et\/ou r\u00e9servation.<\/strong><\/p>\n<p><strong><!-- \/wp:paragraph --><!-- wp:paragraph --><\/strong><\/p>\n<p><strong><a href=\"https:\/\/relaisduvolcan.fr\/?page_id=34\">Ou utilisez le formulaire de la page Contact<\/a><\/strong><\/p>\t\t\t\t\t\t\t\t<\/div>\n\t\t\t\t<\/div>\n\t\t\t\t<div class=\"elementor-element elementor-element-ac650c8 elementor-widget elementor-widget-image\" data-id=\"ac650c8\" data-element_type=\"widget\" data-e-type=\"widget\" data-widget_type=\"image.default\">\n\t\t\t\t<div class=\"elementor-widget-container\">\n\t\t\t\t\t\t\t\t\t\t\t\t\t\t\t<img fetchpriority=\"high\" width=\"354\" height=\"548\"  class=\"attachment-large size-large wp-image-388 lws-optimize-lazyload\" alt=\"\" srcset=\"https:\/\/relaisduvolcan.fr\/wp-content\/uploads\/2023\/11\/Sylvie.webp 354w, https:\/\/relaisduvolcan.fr\/wp-content\/uploads\/2023\/11\/Sylvie-194x300.webp 194w\" sizes=\"(max-width: 354px) 100vw, 354px\" \/ data-src=\"https:\/\/relaisduvolcan.fr\/wp-content\/uploads\/2023\/11\/Sylvie.webp\">\t\t\t\t\t\t\t\t\t\t\t\t\t\t\t<\/div>\n\t\t\t\t<\/div>\n\t\t\t\t<\/div>\n\t\t\t\t<\/div>\n\t\t","protected":false},"excerpt":{"rendered":"<p>Bienvenue au Relais du Volcan. Je serai\u00a0heureuse de vous recevoir dans ma case cr\u00e9ole. Venez passer un\u00a0s\u00e9jour chaleureux et\u00a0douillet\u00a0 dans le calme des\u00a0hauts. Sylvie Contacter Sylvie au +262 (0) 692 74 89 33 pour tout renseignements et\/ou r\u00e9servation. Ou utilisez le formulaire de la page Contact<\/p>\n","protected":false},"author":1,"featured_media":0,"parent":0,"menu_order":0,"comment_status":"closed","ping_status":"closed","template":"","meta":{"footnotes":""},"class_list":["post-23","page","type-page","status-publish","czr-hentry"],"_links":{"self":[{"href":"https:\/\/relaisduvolcan.fr\/index.php?rest_route=\/wp\/v2\/pages\/23","targetHints":{"allow":["GET"]}}],"collection":[{"href":"https:\/\/relaisduvolcan.fr\/index.php?rest_route=\/wp\/v2\/pages"}],"about":[{"href":"https:\/\/relaisduvolcan.fr\/index.php?rest_route=\/wp\/v2\/types\/page"}],"author":[{"embeddable":true,"href":"https:\/\/relaisduvolcan.fr\/index.php?rest_route=\/wp\/v2\/users\/1"}],"replies":[{"embeddable":true,"href":"https:\/\/relaisduvolcan.fr\/index.php?rest_route=%2Fwp%2Fv2%2Fcomments&post=23"}],"version-history":[{"count":36,"href":"https:\/\/relaisduvolcan.fr\/index.php?rest_route=\/wp\/v2\/pages\/23\/revisions"}],"predecessor-version":[{"id":397,"href":"https:\/\/relaisduvolcan.fr\/index.php?rest_route=\/wp\/v2\/pages\/23\/revisions\/397"}],"wp:attachment":[{"href":"https:\/\/relaisduvolcan.fr\/index.php?rest_route=%2Fwp%2Fv2%2Fmedia&parent=23"}],"curies":[{"name":"wp","href":"https:\/\/api.w.org\/{rel}","templated":true}]}}